{"id":3289,"date":"2025-01-18T16:51:14","date_gmt":"2025-01-18T15:51:14","guid":{"rendered":"https:\/\/www.zerosalento.com\/arredocasa\/?post_type=product&#038;p=3289"},"modified":"2025-07-10T17:16:04","modified_gmt":"2025-07-10T16:16:04","slug":"pavimento-spc-flow-spina-2","status":"publish","type":"product","link":"https:\/\/www.zerosalento.com\/arredocasa\/prodotto\/pavimento-spc-flow-spina-2\/","title":{"rendered":"Pavimento SPC FLOW SPINA"},"content":{"rendered":"\t\t<div data-elementor-type=\"wp-post\" data-elementor-id=\"3289\" class=\"elementor elementor-3289\">\n\t\t\t\t<div class=\"elementor-element elementor-element-43ff17f e-flex e-con-boxed e-con e-parent\" data-id=\"43ff17f\" data-element_type=\"container\" data-settings=\"{&quot;jet_parallax_layout_list&quot;:[]}\">\n\t\t\t\t\t<div class=\"e-con-inner\">\n\t\t\t\t<div class=\"elementor-element elementor-element-e00bad3 elementor-widget elementor-widget-text-editor\" data-id=\"e00bad3\" data-element_type=\"widget\" data-widget_type=\"text-editor.default\">\n\t\t\t\t<div class=\"elementor-widget-container\">\n\t\t\t\t\t\t\t<p><span style=\"color: #ff0000;\"><strong>***SPEDIZIONE GRATUITA PER ORDINE SUPERIORE A \u20ac 250,00<\/strong><\/span><\/p>\t\t\t\t\t\t<\/div>\n\t\t\t\t<\/div>\n\t\t\t\t\t<\/div>\n\t\t\t\t<\/div>\n\t\t<div class=\"elementor-element elementor-element-7ba5cac5 e-con-full e-flex e-con e-parent\" data-id=\"7ba5cac5\" data-element_type=\"container\" data-settings=\"{&quot;jet_parallax_layout_list&quot;:[]}\">\n\t\t\t\t<div class=\"elementor-element elementor-element-7323cec8 elementor-widget elementor-widget-text-editor\" data-id=\"7323cec8\" data-element_type=\"widget\" data-widget_type=\"text-editor.default\">\n\t\t\t\t<div class=\"elementor-widget-container\">\n\t\t\t\t\t\t\t<h2><strong>Pavimento SPC in composito di polvere di minerali e polimeri con aggancio a secco, materassino fonoassorbente preinstallato.<\/strong><\/h2><h4><strong>SPC FLOW SPINA<br \/><span style=\"color: #ff0000;\">*OBBLIGO D&#8217;ACQUISTO DI MINIMO DUE SCATOLE (DESTRO E SINISTRO)<\/span><\/strong><\/h4><div><div><div><b>Immergiti nell\u2019universo suggestivo di Flow Spina, l\u2019evoluzione di Flow nel formato a spina italiana. Un richiamo\u00a0<\/b><b style=\"color: var( --e-global-color-text ); font-family: var( --e-global-typography-text-font-family ), Sans-serif; text-align: var(--text-align); letter-spacing: 0px;\">alla tradizione che si trasforma in tendenza moderna.<\/b><\/div><div><b>Flow Spina conferisce a ogni ambiente un tocco ineguagliabile di esclusivit\u00e0 e contemporaneit\u00e0,\u00a0<\/b><b style=\"color: var( --e-global-color-text ); font-family: var( --e-global-typography-text-font-family ), Sans-serif; text-align: var(--text-align); letter-spacing: 0px;\">trasformandolo in uno spazio che incanta e affascina. Il suo disegno distintivo si districa tra linee sinuose e\u00a0<\/b><b style=\"color: var( --e-global-color-text ); font-family: var( --e-global-typography-text-font-family ), Sans-serif; text-align: var(--text-align); letter-spacing: 0px;\">sofisticate, permettendoti di dare vita alla tua visione di design pi\u00f9 audace.\u00a0<\/b><b style=\"color: var( --e-global-color-text ); font-family: var( --e-global-typography-text-font-family ), Sans-serif; text-align: var(--text-align); letter-spacing: 0px;\">Un pavimento che rispecchia l\u2019armonia perfetta tra tradizione e modernit\u00e0. Lascia che i tuoi spazi si illuminino\u00a0<\/b><b style=\"color: var( --e-global-color-text ); font-family: var( --e-global-typography-text-font-family ), Sans-serif; text-align: var(--text-align); letter-spacing: 0px;\">di eleganza e raffinatezza, mentre ti concedi, ad ogni passo, un\u2019esperienza sensoriale unica grazie alla<\/b><\/div><div><b>superficie super-realistica che ricrea tridimensionalmente le caratteristiche del legno, apprezzabili sia alla vista\u00a0<\/b><b style=\"color: var( --e-global-color-text ); font-family: var( --e-global-typography-text-font-family ), Sans-serif; text-align: var(--text-align); letter-spacing: 0px;\">che al tatto.<\/b><\/div><div><b>Il formato Spina \u00e8 dotato del sistema brevettato d\u2019incastro 5G che assicura una forte resistenza meccanica\u00a0<\/b><b style=\"color: var( --e-global-color-text ); font-family: var( --e-global-typography-text-font-family ), Sans-serif; text-align: var(--text-align); letter-spacing: 0px;\">oltre ad una significativa riduzione dei tempi di installazione.<\/b><\/div><\/div><div><b>\u00a0<\/b><\/div><\/div><div><h3><span style=\"color: #000080;\"><strong>CARATTERISTICHE ECCEZIONALI<\/strong><\/span><\/h3><\/div>\t\t\t\t\t\t<\/div>\n\t\t\t\t<\/div>\n\t\t\t\t<\/div>\n\t\t<div class=\"elementor-element elementor-element-4c40427 e-grid e-con-boxed e-con e-parent\" data-id=\"4c40427\" data-element_type=\"container\" data-settings=\"{&quot;jet_parallax_layout_list&quot;:[]}\">\n\t\t\t\t\t<div class=\"e-con-inner\">\n\t\t\t\t<div class=\"elementor-element elementor-element-2e27ba4 elementor-widget elementor-widget-text-editor\" data-id=\"2e27ba4\" data-element_type=\"widget\" data-widget_type=\"text-editor.default\">\n\t\t\t\t<div class=\"elementor-widget-container\">\n\t\t\t\t\t\t\t<p><strong>100% RESISTENTE ALL\u2019ACQUA<\/strong><\/p><p>Flow \u00e8 100% resistente all\u2019acqua. Per questa sua straordinaria caratteristica pu\u00f2 essere posato in bagno, in cucina o in altri locali umidi.<\/p>\t\t\t\t\t\t<\/div>\n\t\t\t\t<\/div>\n\t\t\t\t<div class=\"elementor-element elementor-element-381a593 elementor-widget elementor-widget-text-editor\" data-id=\"381a593\" data-element_type=\"widget\" data-widget_type=\"text-editor.default\">\n\t\t\t\t<div class=\"elementor-widget-container\">\n\t\t\t\t\t\t\t<p><strong>MASSIMA STABILIT\u00c0<\/strong><\/p><p>\u00a0Fino a temperature massime di 80\u00b0 C, Flow offre massima stabilit\u00e0 con dilatazioni minime.<\/p>\t\t\t\t\t\t<\/div>\n\t\t\t\t<\/div>\n\t\t\t\t<div class=\"elementor-element elementor-element-18afd8f elementor-widget elementor-widget-text-editor\" data-id=\"18afd8f\" data-element_type=\"widget\" data-widget_type=\"text-editor.default\">\n\t\t\t\t<div class=\"elementor-widget-container\">\n\t\t\t\t\t\t\t<p><strong>SPESSORE RIDOTTO<\/strong><\/p><p>Con solo pochi millimetri di spessore, Flow \u00e8 la soluzione perfetta in caso di ristrutturazione perch\u00e9 permette di rivestire le superfici senza la necessit\u00e0 di rimuovere il vecchio pavimento.<\/p>\t\t\t\t\t\t<\/div>\n\t\t\t\t<\/div>\n\t\t\t\t<div class=\"elementor-element elementor-element-1c112a3 elementor-widget elementor-widget-text-editor\" data-id=\"1c112a3\" data-element_type=\"widget\" data-widget_type=\"text-editor.default\">\n\t\t\t\t<div class=\"elementor-widget-container\">\n\t\t\t\t\t\t\t<p><strong>FONOASSORBENTE<\/strong><\/p><p>Il materassino fonoassorbente preinstallato garantisce massimo confort e una notevole riduzione del rumore da calpestio.<\/p>\t\t\t\t\t\t<\/div>\n\t\t\t\t<\/div>\n\t\t\t\t<div class=\"elementor-element elementor-element-385d375 elementor-widget elementor-widget-text-editor\" data-id=\"385d375\" data-element_type=\"widget\" data-widget_type=\"text-editor.default\">\n\t\t\t\t<div class=\"elementor-widget-container\">\n\t\t\t\t\t\t\t<p><strong>PULIZIA FACILE E VELOCE<\/strong><\/p><p>Facilissimo da pulire e mantenere nel tempo, il pavimento Flow non necessita di manutenzione particolare per essere perfetto e durare nel tempo.<\/p>\t\t\t\t\t\t<\/div>\n\t\t\t\t<\/div>\n\t\t\t\t<div class=\"elementor-element elementor-element-8170be0 elementor-widget elementor-widget-text-editor\" data-id=\"8170be0\" data-element_type=\"widget\" data-widget_type=\"text-editor.default\">\n\t\t\t\t<div class=\"elementor-widget-container\">\n\t\t\t\t\t\t\t<p><strong>MIGLIORI PRESTAZIONI ALLA LUCE DIRETTA<\/strong><br \/><strong>DEL SOLE<\/strong><\/p><p>La nuova tecnologia costruttiva permette l\u2019installazione di Flow in prossimit\u00e0 di finestre e vetrate, garantendo migliori prestazioni rispetto agli LVT tradizionali riguardo la stabilit\u00e0 dimensionale e il mantenimento delle caratteristiche cromatiche nel corso degli anni.<\/p>\t\t\t\t\t\t<\/div>\n\t\t\t\t<\/div>\n\t\t\t\t<div class=\"elementor-element elementor-element-cbf3717 elementor-widget elementor-widget-text-editor\" data-id=\"cbf3717\" data-element_type=\"widget\" data-widget_type=\"text-editor.default\">\n\t\t\t\t<div class=\"elementor-widget-container\">\n\t\t\t\t\t\t\t<p><strong>SUPERFICIE RESISTENTE<\/strong><\/p><p>Flow ha una superficie resistente e antimacchia che non teme la presenza di animali domestici o l\u2019usura del tempo.<\/p>\t\t\t\t\t\t<\/div>\n\t\t\t\t<\/div>\n\t\t\t\t<div class=\"elementor-element elementor-element-e68f36a elementor-widget elementor-widget-text-editor\" data-id=\"e68f36a\" data-element_type=\"widget\" data-widget_type=\"text-editor.default\">\n\t\t\t\t<div class=\"elementor-widget-container\">\n\t\t\t\t\t\t\t<p><strong>100% SENZA FTALATI<\/strong><\/p><p>Flow \u00e8 100% privo di ftalati e contribuisce pertanto alla salvaguardia della salubrit\u00e0\u00a0degli ambienti.<\/p>\t\t\t\t\t\t<\/div>\n\t\t\t\t<\/div>\n\t\t\t\t<div class=\"elementor-element elementor-element-4facf8e elementor-widget elementor-widget-text-editor\" data-id=\"4facf8e\" data-element_type=\"widget\" data-widget_type=\"text-editor.default\">\n\t\t\t\t<div class=\"elementor-widget-container\">\n\t\t\t\t\t\t\t<p><strong>SUPERFICI REALISTICHE<\/strong><\/p><p>Grazie ad evoluti processi produttivi, i decori di Flow hanno una superficie super-realistica che rispecchia fedelmente ogni singolo dettaglio.<\/p>\t\t\t\t\t\t<\/div>\n\t\t\t\t<\/div>\n\t\t\t\t<div class=\"elementor-element elementor-element-cd3f21b elementor-widget elementor-widget-text-editor\" data-id=\"cd3f21b\" data-element_type=\"widget\" data-widget_type=\"text-editor.default\">\n\t\t\t\t<div class=\"elementor-widget-container\">\n\t\t\t\t\t\t\t<p><strong>FACILE DA INSTALLARE<\/strong><\/p><p>L\u2019aggancio a secco presente sia sulle tavole che sulle piastrelle permette una posa facile, veloce, senza l\u2019utilizzo di colle.<\/p>\t\t\t\t\t\t<\/div>\n\t\t\t\t<\/div>\n\t\t\t\t\t<\/div>\n\t\t\t\t<\/div>\n\t\t\t\t<\/div>\n\t\t","protected":false},"excerpt":{"rendered":"<h6>FLOW &#8211; IL PAVIMENTO DALLE PRESTAZIONI ECCEZIONALI<br \/>\n<strong>*prezzo a mq\u00a0<\/strong><br \/>\n<span style=\"color: #ff0000;\"><strong>*OBBLIGO D&#8217;ACQUISTO DI MINIMO DUE SCATOLE (DESTRO E SINISTRO)<\/strong><\/span><\/h6>\n<p><a href=\"https:\/\/www.zerosalento.com\/arredocasa\/wp-content\/uploads\/2024\/11\/BROCHURE_FLOW_2023.pdf\">Scheda Tecnica FLOW<\/a><\/p>\n","protected":false},"featured_media":1085,"comment_status":"open","ping_status":"closed","template":"","meta":[],"product_brand":[],"product_cat":[69,129,132],"product_tag":[267,266,265,268],"class_list":{"0":"post-3289","1":"product","2":"type-product","3":"status-publish","4":"has-post-thumbnail","6":"product_cat-pavimenti","7":"product_cat-pavimentospc","8":"product_cat-pavimento-spc-flow-spina","9":"product_tag-parquet","10":"product_tag-pavimenti","11":"product_tag-pavimenti-spc","12":"product_tag-pavimento-spc-flow-xl","13":"product_shipping_class-spedizione-gratuita-over250","15":"first","16":"instock","17":"sale","18":"taxable","19":"shipping-taxable","20":"purchasable","21":"product-type-variable"},"yoast_head":"<!-- This site is optimized with the Yoast SEO plugin v27.4 - https:\/\/yoast.com\/product\/yoast-seo-wordpress\/ -->\n<title>Pavimento SPC FLOW SPINA - ZeroSalento Arredo Ceramiche e Bagno<\/title>\n<meta name=\"description\" content=\"Pavimento SPC in composito di polvere di minerali e polimeri con aggancio a secco, materassino fonoassorbente preinstallato - SPC FLOW SPINA\" \/>\n<meta name=\"robots\" content=\"index, follow, max-snippet:-1, max-image-preview:large, max-video-preview:-1\" \/>\n<link rel=\"canonical\" href=\"https:\/\/www.zerosalento.com\/arredocasa\/prodotto\/pavimento-spc-flow-spina-2\/\" \/>\n<meta property=\"og:locale\" content=\"it_IT\" \/>\n<meta property=\"og:type\" content=\"article\" \/>\n<meta property=\"og:title\" content=\"Pavimento SPC FLOW SPINA - ZeroSalento Arredo Ceramiche e Bagno\" \/>\n<meta property=\"og:description\" content=\"Pavimento SPC in composito di polvere di minerali e polimeri con aggancio a secco, materassino fonoassorbente preinstallato - SPC FLOW SPINA\" \/>\n<meta property=\"og:url\" content=\"https:\/\/www.zerosalento.com\/arredocasa\/prodotto\/pavimento-spc-flow-spina-2\/\" \/>\n<meta property=\"og:site_name\" content=\"ZeroSalento Arredo Ceramiche e Bagno\" \/>\n<meta property=\"article:modified_time\" content=\"2025-07-10T16:16:04+00:00\" \/>\n<meta property=\"og:image\" content=\"https:\/\/www.zerosalento.com\/arredocasa\/wp-content\/uploads\/2024\/09\/BROCHURE_FLOW_2023-66.jpg\" \/>\n\t<meta property=\"og:image:width\" content=\"840\" \/>\n\t<meta property=\"og:image:height\" content=\"808\" \/>\n\t<meta property=\"og:image:type\" content=\"image\/jpeg\" \/>\n<meta name=\"twitter:card\" content=\"summary_large_image\" \/>\n<meta name=\"twitter:label1\" content=\"Tempo di lettura stimato\" \/>\n\t<meta name=\"twitter:data1\" content=\"3 minuti\" \/>\n<script type=\"application\/ld+json\" class=\"yoast-schema-graph\">{\"@context\":\"https:\\\/\\\/schema.org\",\"@graph\":[{\"@type\":\"WebPage\",\"@id\":\"https:\\\/\\\/www.zerosalento.com\\\/arredocasa\\\/prodotto\\\/pavimento-spc-flow-spina-2\\\/\",\"url\":\"https:\\\/\\\/www.zerosalento.com\\\/arredocasa\\\/prodotto\\\/pavimento-spc-flow-spina-2\\\/\",\"name\":\"Pavimento SPC FLOW SPINA - ZeroSalento Arredo Ceramiche e Bagno\",\"isPartOf\":{\"@id\":\"https:\\\/\\\/www.zerosalento.com\\\/arredocasa\\\/#website\"},\"primaryImageOfPage\":{\"@id\":\"https:\\\/\\\/www.zerosalento.com\\\/arredocasa\\\/prodotto\\\/pavimento-spc-flow-spina-2\\\/#primaryimage\"},\"image\":{\"@id\":\"https:\\\/\\\/www.zerosalento.com\\\/arredocasa\\\/prodotto\\\/pavimento-spc-flow-spina-2\\\/#primaryimage\"},\"thumbnailUrl\":\"https:\\\/\\\/www.zerosalento.com\\\/arredocasa\\\/wp-content\\\/uploads\\\/2024\\\/09\\\/BROCHURE_FLOW_2023-66.jpg\",\"datePublished\":\"2025-01-18T15:51:14+00:00\",\"dateModified\":\"2025-07-10T16:16:04+00:00\",\"description\":\"Pavimento SPC in composito di polvere di minerali e polimeri con aggancio a secco, materassino fonoassorbente preinstallato - SPC FLOW SPINA\",\"breadcrumb\":{\"@id\":\"https:\\\/\\\/www.zerosalento.com\\\/arredocasa\\\/prodotto\\\/pavimento-spc-flow-spina-2\\\/#breadcrumb\"},\"inLanguage\":\"it-IT\",\"potentialAction\":[{\"@type\":\"ReadAction\",\"target\":[\"https:\\\/\\\/www.zerosalento.com\\\/arredocasa\\\/prodotto\\\/pavimento-spc-flow-spina-2\\\/\"]}]},{\"@type\":\"ImageObject\",\"inLanguage\":\"it-IT\",\"@id\":\"https:\\\/\\\/www.zerosalento.com\\\/arredocasa\\\/prodotto\\\/pavimento-spc-flow-spina-2\\\/#primaryimage\",\"url\":\"https:\\\/\\\/www.zerosalento.com\\\/arredocasa\\\/wp-content\\\/uploads\\\/2024\\\/09\\\/BROCHURE_FLOW_2023-66.jpg\",\"contentUrl\":\"https:\\\/\\\/www.zerosalento.com\\\/arredocasa\\\/wp-content\\\/uploads\\\/2024\\\/09\\\/BROCHURE_FLOW_2023-66.jpg\",\"width\":840,\"height\":808},{\"@type\":\"BreadcrumbList\",\"@id\":\"https:\\\/\\\/www.zerosalento.com\\\/arredocasa\\\/prodotto\\\/pavimento-spc-flow-spina-2\\\/#breadcrumb\",\"itemListElement\":[{\"@type\":\"ListItem\",\"position\":1,\"name\":\"Home\",\"item\":\"https:\\\/\\\/www.zerosalento.com\\\/arredocasa\\\/\"},{\"@type\":\"ListItem\",\"position\":2,\"name\":\"Shop\",\"item\":\"https:\\\/\\\/www.zerosalento.com\\\/arredocasa\\\/negozio\\\/\"},{\"@type\":\"ListItem\",\"position\":3,\"name\":\"Pavimento SPC FLOW SPINA\"}]},{\"@type\":\"WebSite\",\"@id\":\"https:\\\/\\\/www.zerosalento.com\\\/arredocasa\\\/#website\",\"url\":\"https:\\\/\\\/www.zerosalento.com\\\/arredocasa\\\/\",\"name\":\"ZeroSalento Arredo Ceramiche e Bagno\",\"description\":\"Arreda la tua casa\",\"publisher\":{\"@id\":\"https:\\\/\\\/www.zerosalento.com\\\/arredocasa\\\/#organization\"},\"potentialAction\":[{\"@type\":\"SearchAction\",\"target\":{\"@type\":\"EntryPoint\",\"urlTemplate\":\"https:\\\/\\\/www.zerosalento.com\\\/arredocasa\\\/?s={search_term_string}\"},\"query-input\":{\"@type\":\"PropertyValueSpecification\",\"valueRequired\":true,\"valueName\":\"search_term_string\"}}],\"inLanguage\":\"it-IT\"},{\"@type\":\"Organization\",\"@id\":\"https:\\\/\\\/www.zerosalento.com\\\/arredocasa\\\/#organization\",\"name\":\"ZeroSalento Arredo Ceramiche e Bagno\",\"url\":\"https:\\\/\\\/www.zerosalento.com\\\/arredocasa\\\/\",\"logo\":{\"@type\":\"ImageObject\",\"inLanguage\":\"it-IT\",\"@id\":\"https:\\\/\\\/www.zerosalento.com\\\/arredocasa\\\/#\\\/schema\\\/logo\\\/image\\\/\",\"url\":\"http:\\\/\\\/www.zerosalento.com\\\/arredocasa\\\/wp-content\\\/uploads\\\/2024\\\/09\\\/cropped-Logo-ZS-sup.png\",\"contentUrl\":\"http:\\\/\\\/www.zerosalento.com\\\/arredocasa\\\/wp-content\\\/uploads\\\/2024\\\/09\\\/cropped-Logo-ZS-sup.png\",\"width\":4166,\"height\":1474,\"caption\":\"ZeroSalento Arredo Ceramiche e Bagno\"},\"image\":{\"@id\":\"https:\\\/\\\/www.zerosalento.com\\\/arredocasa\\\/#\\\/schema\\\/logo\\\/image\\\/\"}}]}<\/script>\n<!-- \/ Yoast SEO plugin. -->","yoast_head_json":{"title":"Pavimento SPC FLOW SPINA - ZeroSalento Arredo Ceramiche e Bagno","description":"Pavimento SPC in composito di polvere di minerali e polimeri con aggancio a secco, materassino fonoassorbente preinstallato - SPC FLOW SPINA","robots":{"index":"index","follow":"follow","max-snippet":"max-snippet:-1","max-image-preview":"max-image-preview:large","max-video-preview":"max-video-preview:-1"},"canonical":"https:\/\/www.zerosalento.com\/arredocasa\/prodotto\/pavimento-spc-flow-spina-2\/","og_locale":"it_IT","og_type":"article","og_title":"Pavimento SPC FLOW SPINA - ZeroSalento Arredo Ceramiche e Bagno","og_description":"Pavimento SPC in composito di polvere di minerali e polimeri con aggancio a secco, materassino fonoassorbente preinstallato - SPC FLOW SPINA","og_url":"https:\/\/www.zerosalento.com\/arredocasa\/prodotto\/pavimento-spc-flow-spina-2\/","og_site_name":"ZeroSalento Arredo Ceramiche e Bagno","article_modified_time":"2025-07-10T16:16:04+00:00","og_image":[{"width":840,"height":808,"url":"https:\/\/www.zerosalento.com\/arredocasa\/wp-content\/uploads\/2024\/09\/BROCHURE_FLOW_2023-66.jpg","type":"image\/jpeg"}],"twitter_card":"summary_large_image","twitter_misc":{"Tempo di lettura stimato":"3 minuti"},"schema":{"@context":"https:\/\/schema.org","@graph":[{"@type":"WebPage","@id":"https:\/\/www.zerosalento.com\/arredocasa\/prodotto\/pavimento-spc-flow-spina-2\/","url":"https:\/\/www.zerosalento.com\/arredocasa\/prodotto\/pavimento-spc-flow-spina-2\/","name":"Pavimento SPC FLOW SPINA - ZeroSalento Arredo Ceramiche e Bagno","isPartOf":{"@id":"https:\/\/www.zerosalento.com\/arredocasa\/#website"},"primaryImageOfPage":{"@id":"https:\/\/www.zerosalento.com\/arredocasa\/prodotto\/pavimento-spc-flow-spina-2\/#primaryimage"},"image":{"@id":"https:\/\/www.zerosalento.com\/arredocasa\/prodotto\/pavimento-spc-flow-spina-2\/#primaryimage"},"thumbnailUrl":"https:\/\/www.zerosalento.com\/arredocasa\/wp-content\/uploads\/2024\/09\/BROCHURE_FLOW_2023-66.jpg","datePublished":"2025-01-18T15:51:14+00:00","dateModified":"2025-07-10T16:16:04+00:00","description":"Pavimento SPC in composito di polvere di minerali e polimeri con aggancio a secco, materassino fonoassorbente preinstallato - SPC FLOW SPINA","breadcrumb":{"@id":"https:\/\/www.zerosalento.com\/arredocasa\/prodotto\/pavimento-spc-flow-spina-2\/#breadcrumb"},"inLanguage":"it-IT","potentialAction":[{"@type":"ReadAction","target":["https:\/\/www.zerosalento.com\/arredocasa\/prodotto\/pavimento-spc-flow-spina-2\/"]}]},{"@type":"ImageObject","inLanguage":"it-IT","@id":"https:\/\/www.zerosalento.com\/arredocasa\/prodotto\/pavimento-spc-flow-spina-2\/#primaryimage","url":"https:\/\/www.zerosalento.com\/arredocasa\/wp-content\/uploads\/2024\/09\/BROCHURE_FLOW_2023-66.jpg","contentUrl":"https:\/\/www.zerosalento.com\/arredocasa\/wp-content\/uploads\/2024\/09\/BROCHURE_FLOW_2023-66.jpg","width":840,"height":808},{"@type":"BreadcrumbList","@id":"https:\/\/www.zerosalento.com\/arredocasa\/prodotto\/pavimento-spc-flow-spina-2\/#breadcrumb","itemListElement":[{"@type":"ListItem","position":1,"name":"Home","item":"https:\/\/www.zerosalento.com\/arredocasa\/"},{"@type":"ListItem","position":2,"name":"Shop","item":"https:\/\/www.zerosalento.com\/arredocasa\/negozio\/"},{"@type":"ListItem","position":3,"name":"Pavimento SPC FLOW SPINA"}]},{"@type":"WebSite","@id":"https:\/\/www.zerosalento.com\/arredocasa\/#website","url":"https:\/\/www.zerosalento.com\/arredocasa\/","name":"ZeroSalento Arredo Ceramiche e Bagno","description":"Arreda la tua casa","publisher":{"@id":"https:\/\/www.zerosalento.com\/arredocasa\/#organization"},"potentialAction":[{"@type":"SearchAction","target":{"@type":"EntryPoint","urlTemplate":"https:\/\/www.zerosalento.com\/arredocasa\/?s={search_term_string}"},"query-input":{"@type":"PropertyValueSpecification","valueRequired":true,"valueName":"search_term_string"}}],"inLanguage":"it-IT"},{"@type":"Organization","@id":"https:\/\/www.zerosalento.com\/arredocasa\/#organization","name":"ZeroSalento Arredo Ceramiche e Bagno","url":"https:\/\/www.zerosalento.com\/arredocasa\/","logo":{"@type":"ImageObject","inLanguage":"it-IT","@id":"https:\/\/www.zerosalento.com\/arredocasa\/#\/schema\/logo\/image\/","url":"http:\/\/www.zerosalento.com\/arredocasa\/wp-content\/uploads\/2024\/09\/cropped-Logo-ZS-sup.png","contentUrl":"http:\/\/www.zerosalento.com\/arredocasa\/wp-content\/uploads\/2024\/09\/cropped-Logo-ZS-sup.png","width":4166,"height":1474,"caption":"ZeroSalento Arredo Ceramiche e Bagno"},"image":{"@id":"https:\/\/www.zerosalento.com\/arredocasa\/#\/schema\/logo\/image\/"}}]}},"jetpack_sharing_enabled":true,"_links":{"self":[{"href":"https:\/\/www.zerosalento.com\/arredocasa\/wp-json\/wp\/v2\/product\/3289","targetHints":{"allow":["GET"]}}],"collection":[{"href":"https:\/\/www.zerosalento.com\/arredocasa\/wp-json\/wp\/v2\/product"}],"about":[{"href":"https:\/\/www.zerosalento.com\/arredocasa\/wp-json\/wp\/v2\/types\/product"}],"replies":[{"embeddable":true,"href":"https:\/\/www.zerosalento.com\/arredocasa\/wp-json\/wp\/v2\/comments?post=3289"}],"version-history":[{"count":8,"href":"https:\/\/www.zerosalento.com\/arredocasa\/wp-json\/wp\/v2\/product\/3289\/revisions"}],"predecessor-version":[{"id":3394,"href":"https:\/\/www.zerosalento.com\/arredocasa\/wp-json\/wp\/v2\/product\/3289\/revisions\/3394"}],"wp:featuredmedia":[{"embeddable":true,"href":"https:\/\/www.zerosalento.com\/arredocasa\/wp-json\/wp\/v2\/media\/1085"}],"wp:attachment":[{"href":"https:\/\/www.zerosalento.com\/arredocasa\/wp-json\/wp\/v2\/media?parent=3289"}],"wp:term":[{"taxonomy":"product_brand","embeddable":true,"href":"https:\/\/www.zerosalento.com\/arredocasa\/wp-json\/wp\/v2\/product_brand?post=3289"},{"taxonomy":"product_cat","embeddable":true,"href":"https:\/\/www.zerosalento.com\/arredocasa\/wp-json\/wp\/v2\/product_cat?post=3289"},{"taxonomy":"product_tag","embeddable":true,"href":"https:\/\/www.zerosalento.com\/arredocasa\/wp-json\/wp\/v2\/product_tag?post=3289"}],"curies":[{"name":"wp","href":"https:\/\/api.w.org\/{rel}","templated":true}]}}