{"id":2731,"date":"2024-11-03T11:19:21","date_gmt":"2024-11-03T10:19:21","guid":{"rendered":"https:\/\/www.zerosalento.com\/arredocasa\/?post_type=product&#038;p=2731"},"modified":"2025-12-22T22:42:16","modified_gmt":"2025-12-22T21:42:16","slug":"pavimento-spc-flow-spina-40","status":"publish","type":"product","link":"https:\/\/www.zerosalento.com\/arredocasa\/prodotto\/pavimento-spc-flow-spina-40\/","title":{"rendered":"Pavimento SPC FLOW 40"},"content":{"rendered":"\t\t<div data-elementor-type=\"wp-post\" data-elementor-id=\"2731\" class=\"elementor elementor-2731\">\n\t\t\t\t<div class=\"elementor-element elementor-element-f98cefe e-flex e-con-boxed e-con e-parent\" data-id=\"f98cefe\" data-element_type=\"container\" data-settings=\"{&quot;jet_parallax_layout_list&quot;:[]}\">\n\t\t\t\t\t<div class=\"e-con-inner\">\n\t\t\t\t<div class=\"elementor-element elementor-element-3dcd199 elementor-widget elementor-widget-text-editor\" data-id=\"3dcd199\" data-element_type=\"widget\" data-widget_type=\"text-editor.default\">\n\t\t\t\t<div class=\"elementor-widget-container\">\n\t\t\t\t\t\t\t<p><span style=\"color: #ff0000;\"><strong>***SPEDIZIONE GRATUITA PER ORDINE SUPERIORE A \u20ac 250,00<\/strong><\/span><\/p><h5>In ogni confezione ci sono n.5 listoni\u00a0 che sviluppano 1,742mq<\/h5><h5>*prezzo a mq \u20ac32,00 da 0 a 111,86mq<br \/>*prezzo a mq \u20ac30,00 da 111,86mq<\/h5>\t\t\t\t\t\t<\/div>\n\t\t\t\t<\/div>\n\t\t\t\t\t<\/div>\n\t\t\t\t<\/div>\n\t\t<div class=\"elementor-element elementor-element-7ba5cac5 e-con-full e-flex e-con e-parent\" data-id=\"7ba5cac5\" data-element_type=\"container\" data-settings=\"{&quot;jet_parallax_layout_list&quot;:[]}\">\n\t\t\t\t<div class=\"elementor-element elementor-element-7323cec8 elementor-widget elementor-widget-text-editor\" data-id=\"7323cec8\" data-element_type=\"widget\" data-widget_type=\"text-editor.default\">\n\t\t\t\t<div class=\"elementor-widget-container\">\n\t\t\t\t\t\t\t<h2><strong>Pavimento SPC in composito di polvere di minerali e polimeri con aggancio a secco, materassino fonoassorbente preinstallato.<\/strong><\/h2>\n<h4><strong>SPC FLOW 40<\/strong><\/h4>\n<div>\n<div>\n<div><div><b>Flow 40 offre una selezione di colori trendy e superfici autentiche, permettendoti di dare libero sfogo&nbsp;<\/b><b style=\"color: var( --e-global-color-text ); font-family: var( --e-global-typography-text-font-family ), Sans-serif; text-align: var(--text-align); letter-spacing: 0px;\">alla tua creativit\u00e0 progettuale. Questa collezione \u00e8 eclettica e pensata sia per ambienti domestici che&nbsp;<\/b><b style=\"color: var( --e-global-color-text ); font-family: var( --e-global-typography-text-font-family ), Sans-serif; text-align: var(--text-align); letter-spacing: 0px;\">per spazi commerciali con calpestio moderato.&nbsp;<\/b><b style=\"color: var( --e-global-color-text ); font-family: var( --e-global-typography-text-font-family ), Sans-serif; text-align: var(--text-align); letter-spacing: 0px;\">Flow 40 si adatta con maestria a diversi contesti abitativi, contribuendo ad arricchire lo stile unico&nbsp;<\/b><b style=\"color: var( --e-global-color-text ); font-family: var( --e-global-typography-text-font-family ), Sans-serif; text-align: var(--text-align); letter-spacing: 0px;\">della tua casa. Con questa collezione avrai la certezza di trovare la soluzione perfetta per creare&nbsp;<\/b><b style=\"color: var( --e-global-color-text ); font-family: var( --e-global-typography-text-font-family ), Sans-serif; text-align: var(--text-align); letter-spacing: 0px;\">un\u2019atmosfera calda ed accogliente, riflettendo il tuo gusto personale ed imprimendo un tocco di stile&nbsp;<\/b><b style=\"color: var( --e-global-color-text ); font-family: var( --e-global-typography-text-font-family ), Sans-serif; text-align: var(--text-align); letter-spacing: 0px;\">senza tempo che solo il legno sa dare.&nbsp;<\/b><b style=\"color: var( --e-global-color-text ); font-family: var( --e-global-typography-text-font-family ), Sans-serif; text-align: var(--text-align); letter-spacing: 0px;\">La semplicit\u00e0 e la velocit\u00e0 caratterizzano il sistema di incastro Uniclic, che ti permette di installare il<\/b><\/div><div><b>pavimento senza l\u2019utilizzo di colla.<\/b><\/div><\/div><\/div>\n<\/div>\n<div>\n<h3><span style=\"color: #000080;\"><strong>CARATTERISTICHE ECCEZIONALI<\/strong><\/span><\/h3>\n<\/div>\t\t\t\t\t\t<\/div>\n\t\t\t\t<\/div>\n\t\t\t\t<\/div>\n\t\t<div class=\"elementor-element elementor-element-4c40427 e-grid e-con-boxed e-con e-parent\" data-id=\"4c40427\" data-element_type=\"container\" data-settings=\"{&quot;jet_parallax_layout_list&quot;:[]}\">\n\t\t\t\t\t<div class=\"e-con-inner\">\n\t\t\t\t<div class=\"elementor-element elementor-element-2e27ba4 elementor-widget elementor-widget-text-editor\" data-id=\"2e27ba4\" data-element_type=\"widget\" data-widget_type=\"text-editor.default\">\n\t\t\t\t<div class=\"elementor-widget-container\">\n\t\t\t\t\t\t\t<p><strong>100% RESISTENTE ALL\u2019ACQUA<\/strong><\/p><p>Flow \u00e8 100% resistente all\u2019acqua. Per questa sua straordinaria caratteristica pu\u00f2 essere posato in bagno, in cucina o in altri locali umidi.<\/p>\t\t\t\t\t\t<\/div>\n\t\t\t\t<\/div>\n\t\t\t\t<div class=\"elementor-element elementor-element-381a593 elementor-widget elementor-widget-text-editor\" data-id=\"381a593\" data-element_type=\"widget\" data-widget_type=\"text-editor.default\">\n\t\t\t\t<div class=\"elementor-widget-container\">\n\t\t\t\t\t\t\t<p><strong>MASSIMA STABILIT\u00c0<\/strong><\/p><p>\u00a0Fino a temperature massime di 80\u00b0 C, Flow offre massima stabilit\u00e0 con dilatazioni minime.<\/p>\t\t\t\t\t\t<\/div>\n\t\t\t\t<\/div>\n\t\t\t\t<div class=\"elementor-element elementor-element-18afd8f elementor-widget elementor-widget-text-editor\" data-id=\"18afd8f\" data-element_type=\"widget\" data-widget_type=\"text-editor.default\">\n\t\t\t\t<div class=\"elementor-widget-container\">\n\t\t\t\t\t\t\t<p><strong>SPESSORE RIDOTTO<\/strong><\/p><p>Con solo pochi millimetri di spessore, Flow \u00e8 la soluzione perfetta in caso di ristrutturazione perch\u00e9 permette di rivestire le superfici senza la necessit\u00e0 di rimuovere il vecchio pavimento.<\/p>\t\t\t\t\t\t<\/div>\n\t\t\t\t<\/div>\n\t\t\t\t<div class=\"elementor-element elementor-element-1c112a3 elementor-widget elementor-widget-text-editor\" data-id=\"1c112a3\" data-element_type=\"widget\" data-widget_type=\"text-editor.default\">\n\t\t\t\t<div class=\"elementor-widget-container\">\n\t\t\t\t\t\t\t<p><strong>FONOASSORBENTE<\/strong><\/p><p>Il materassino fonoassorbente preinstallato garantisce massimo confort e una notevole riduzione del rumore da calpestio.<\/p>\t\t\t\t\t\t<\/div>\n\t\t\t\t<\/div>\n\t\t\t\t<div class=\"elementor-element elementor-element-385d375 elementor-widget elementor-widget-text-editor\" data-id=\"385d375\" data-element_type=\"widget\" data-widget_type=\"text-editor.default\">\n\t\t\t\t<div class=\"elementor-widget-container\">\n\t\t\t\t\t\t\t<p><strong>PULIZIA FACILE E VELOCE<\/strong><\/p><p>Facilissimo da pulire e mantenere nel tempo, il pavimento Flow non necessita di manutenzione particolare per essere perfetto e durare nel tempo.<\/p>\t\t\t\t\t\t<\/div>\n\t\t\t\t<\/div>\n\t\t\t\t<div class=\"elementor-element elementor-element-8170be0 elementor-widget elementor-widget-text-editor\" data-id=\"8170be0\" data-element_type=\"widget\" data-widget_type=\"text-editor.default\">\n\t\t\t\t<div class=\"elementor-widget-container\">\n\t\t\t\t\t\t\t<p><strong>MIGLIORI PRESTAZIONI ALLA LUCE DIRETTA<\/strong><br \/><strong>DEL SOLE<\/strong><\/p><p>La nuova tecnologia costruttiva permette l\u2019installazione di Flow in prossimit\u00e0 di finestre e vetrate, garantendo migliori prestazioni rispetto agli LVT tradizionali riguardo la stabilit\u00e0 dimensionale e il mantenimento delle caratteristiche cromatiche nel corso degli anni.<\/p>\t\t\t\t\t\t<\/div>\n\t\t\t\t<\/div>\n\t\t\t\t<div class=\"elementor-element elementor-element-cbf3717 elementor-widget elementor-widget-text-editor\" data-id=\"cbf3717\" data-element_type=\"widget\" data-widget_type=\"text-editor.default\">\n\t\t\t\t<div class=\"elementor-widget-container\">\n\t\t\t\t\t\t\t<p><strong>SUPERFICIE RESISTENTE<\/strong><\/p><p>Flow ha una superficie resistente e antimacchia che non teme la presenza di animali domestici o l\u2019usura del tempo.<\/p>\t\t\t\t\t\t<\/div>\n\t\t\t\t<\/div>\n\t\t\t\t<div class=\"elementor-element elementor-element-e68f36a elementor-widget elementor-widget-text-editor\" data-id=\"e68f36a\" data-element_type=\"widget\" data-widget_type=\"text-editor.default\">\n\t\t\t\t<div class=\"elementor-widget-container\">\n\t\t\t\t\t\t\t<p><strong>100% SENZA FTALATI<\/strong><\/p><p>Flow \u00e8 100% privo di ftalati e contribuisce pertanto alla salvaguardia della salubrit\u00e0\u00a0degli ambienti.<\/p>\t\t\t\t\t\t<\/div>\n\t\t\t\t<\/div>\n\t\t\t\t<div class=\"elementor-element elementor-element-4facf8e elementor-widget elementor-widget-text-editor\" data-id=\"4facf8e\" data-element_type=\"widget\" data-widget_type=\"text-editor.default\">\n\t\t\t\t<div class=\"elementor-widget-container\">\n\t\t\t\t\t\t\t<p><strong>SUPERFICI REALISTICHE<\/strong><\/p><p>Grazie ad evoluti processi produttivi, i decori di Flow hanno una superficie super-realistica che rispecchia fedelmente ogni singolo dettaglio.<\/p>\t\t\t\t\t\t<\/div>\n\t\t\t\t<\/div>\n\t\t\t\t<div class=\"elementor-element elementor-element-cd3f21b elementor-widget elementor-widget-text-editor\" data-id=\"cd3f21b\" data-element_type=\"widget\" data-widget_type=\"text-editor.default\">\n\t\t\t\t<div class=\"elementor-widget-container\">\n\t\t\t\t\t\t\t<p><strong>FACILE DA INSTALLARE<\/strong><\/p><p>L\u2019aggancio a secco presente sia sulle tavole che sulle piastrelle permette una posa facile, veloce, senza l\u2019utilizzo di colle.<\/p>\t\t\t\t\t\t<\/div>\n\t\t\t\t<\/div>\n\t\t\t\t\t<\/div>\n\t\t\t\t<\/div>\n\t\t\t\t<\/div>\n\t\t","protected":false},"excerpt":{"rendered":"<h6>FLOW &#8211; IL PAVIMENTO DALLE PRESTAZIONI ECCEZIONALI<\/h6>\n<p><a href=\"https:\/\/www.zerosalento.com\/arredocasa\/wp-content\/uploads\/2024\/11\/BROCHURE_FLOW_2023.pdf\">Scheda Tecnica FLOW<\/a><\/p>\n","protected":false},"featured_media":1080,"comment_status":"open","ping_status":"closed","template":"","meta":[],"product_brand":[],"product_cat":[69,129,133],"product_tag":[271,267,266,265,268],"class_list":{"0":"post-2731","1":"product","2":"type-product","3":"status-publish","4":"has-post-thumbnail","6":"product_cat-pavimenti","7":"product_cat-pavimentospc","8":"product_cat-pavimentospcflow40","9":"product_tag-flow-40","10":"product_tag-parquet","11":"product_tag-pavimenti","12":"product_tag-pavimenti-spc","13":"product_tag-pavimento-spc-flow-xl","14":"product_shipping_class-spedizione-gratuita-over250","16":"first","17":"instock","18":"sale","19":"taxable","20":"shipping-taxable","21":"purchasable","22":"product-type-variable"},"yoast_head":"<!-- This site is optimized with the Yoast SEO plugin v27.4 - https:\/\/yoast.com\/product\/yoast-seo-wordpress\/ -->\n<title>Pavimento SPC FLOW 40 - ZeroSalento Arredo Ceramiche e Bagno<\/title>\n<meta name=\"description\" content=\"Pavimento SPC in composito di polvere di minerali e polimeri con aggancio a secco, materassino fonoassorbente preinstallato - SPC FLOW 40\" \/>\n<meta name=\"robots\" content=\"index, follow, max-snippet:-1, max-image-preview:large, max-video-preview:-1\" \/>\n<link rel=\"canonical\" href=\"https:\/\/www.zerosalento.com\/arredocasa\/prodotto\/pavimento-spc-flow-spina-40\/\" \/>\n<meta property=\"og:locale\" content=\"it_IT\" \/>\n<meta property=\"og:type\" content=\"article\" \/>\n<meta property=\"og:title\" content=\"Pavimento SPC FLOW 40 - ZeroSalento Arredo Ceramiche e Bagno\" \/>\n<meta property=\"og:description\" content=\"Pavimento SPC in composito di polvere di minerali e polimeri con aggancio a secco, materassino fonoassorbente preinstallato - SPC FLOW 40\" \/>\n<meta property=\"og:url\" content=\"https:\/\/www.zerosalento.com\/arredocasa\/prodotto\/pavimento-spc-flow-spina-40\/\" \/>\n<meta property=\"og:site_name\" content=\"ZeroSalento Arredo Ceramiche e Bagno\" \/>\n<meta property=\"article:modified_time\" content=\"2025-12-22T21:42:16+00:00\" \/>\n<meta property=\"og:image\" content=\"https:\/\/www.zerosalento.com\/arredocasa\/wp-content\/uploads\/2024\/09\/BROCHURE_FLOW_2023-82.jpg\" \/>\n\t<meta property=\"og:image:width\" content=\"642\" \/>\n\t<meta property=\"og:image:height\" content=\"928\" \/>\n\t<meta property=\"og:image:type\" content=\"image\/jpeg\" \/>\n<meta name=\"twitter:card\" content=\"summary_large_image\" \/>\n<meta name=\"twitter:label1\" content=\"Tempo di lettura stimato\" \/>\n\t<meta name=\"twitter:data1\" content=\"3 minuti\" \/>\n<script type=\"application\/ld+json\" class=\"yoast-schema-graph\">{\"@context\":\"https:\\\/\\\/schema.org\",\"@graph\":[{\"@type\":\"WebPage\",\"@id\":\"https:\\\/\\\/www.zerosalento.com\\\/arredocasa\\\/prodotto\\\/pavimento-spc-flow-spina-40\\\/\",\"url\":\"https:\\\/\\\/www.zerosalento.com\\\/arredocasa\\\/prodotto\\\/pavimento-spc-flow-spina-40\\\/\",\"name\":\"Pavimento SPC FLOW 40 - ZeroSalento Arredo Ceramiche e Bagno\",\"isPartOf\":{\"@id\":\"https:\\\/\\\/www.zerosalento.com\\\/arredocasa\\\/#website\"},\"primaryImageOfPage\":{\"@id\":\"https:\\\/\\\/www.zerosalento.com\\\/arredocasa\\\/prodotto\\\/pavimento-spc-flow-spina-40\\\/#primaryimage\"},\"image\":{\"@id\":\"https:\\\/\\\/www.zerosalento.com\\\/arredocasa\\\/prodotto\\\/pavimento-spc-flow-spina-40\\\/#primaryimage\"},\"thumbnailUrl\":\"https:\\\/\\\/www.zerosalento.com\\\/arredocasa\\\/wp-content\\\/uploads\\\/2024\\\/09\\\/BROCHURE_FLOW_2023-82.jpg\",\"datePublished\":\"2024-11-03T10:19:21+00:00\",\"dateModified\":\"2025-12-22T21:42:16+00:00\",\"description\":\"Pavimento SPC in composito di polvere di minerali e polimeri con aggancio a secco, materassino fonoassorbente preinstallato - SPC FLOW 40\",\"breadcrumb\":{\"@id\":\"https:\\\/\\\/www.zerosalento.com\\\/arredocasa\\\/prodotto\\\/pavimento-spc-flow-spina-40\\\/#breadcrumb\"},\"inLanguage\":\"it-IT\",\"potentialAction\":[{\"@type\":\"ReadAction\",\"target\":[\"https:\\\/\\\/www.zerosalento.com\\\/arredocasa\\\/prodotto\\\/pavimento-spc-flow-spina-40\\\/\"]}]},{\"@type\":\"ImageObject\",\"inLanguage\":\"it-IT\",\"@id\":\"https:\\\/\\\/www.zerosalento.com\\\/arredocasa\\\/prodotto\\\/pavimento-spc-flow-spina-40\\\/#primaryimage\",\"url\":\"https:\\\/\\\/www.zerosalento.com\\\/arredocasa\\\/wp-content\\\/uploads\\\/2024\\\/09\\\/BROCHURE_FLOW_2023-82.jpg\",\"contentUrl\":\"https:\\\/\\\/www.zerosalento.com\\\/arredocasa\\\/wp-content\\\/uploads\\\/2024\\\/09\\\/BROCHURE_FLOW_2023-82.jpg\",\"width\":642,\"height\":928},{\"@type\":\"BreadcrumbList\",\"@id\":\"https:\\\/\\\/www.zerosalento.com\\\/arredocasa\\\/prodotto\\\/pavimento-spc-flow-spina-40\\\/#breadcrumb\",\"itemListElement\":[{\"@type\":\"ListItem\",\"position\":1,\"name\":\"Home\",\"item\":\"https:\\\/\\\/www.zerosalento.com\\\/arredocasa\\\/\"},{\"@type\":\"ListItem\",\"position\":2,\"name\":\"Shop\",\"item\":\"https:\\\/\\\/www.zerosalento.com\\\/arredocasa\\\/negozio\\\/\"},{\"@type\":\"ListItem\",\"position\":3,\"name\":\"Pavimento SPC FLOW 40\"}]},{\"@type\":\"WebSite\",\"@id\":\"https:\\\/\\\/www.zerosalento.com\\\/arredocasa\\\/#website\",\"url\":\"https:\\\/\\\/www.zerosalento.com\\\/arredocasa\\\/\",\"name\":\"ZeroSalento Arredo Ceramiche e Bagno\",\"description\":\"Arreda la tua casa\",\"publisher\":{\"@id\":\"https:\\\/\\\/www.zerosalento.com\\\/arredocasa\\\/#organization\"},\"potentialAction\":[{\"@type\":\"SearchAction\",\"target\":{\"@type\":\"EntryPoint\",\"urlTemplate\":\"https:\\\/\\\/www.zerosalento.com\\\/arredocasa\\\/?s={search_term_string}\"},\"query-input\":{\"@type\":\"PropertyValueSpecification\",\"valueRequired\":true,\"valueName\":\"search_term_string\"}}],\"inLanguage\":\"it-IT\"},{\"@type\":\"Organization\",\"@id\":\"https:\\\/\\\/www.zerosalento.com\\\/arredocasa\\\/#organization\",\"name\":\"ZeroSalento Arredo Ceramiche e Bagno\",\"url\":\"https:\\\/\\\/www.zerosalento.com\\\/arredocasa\\\/\",\"logo\":{\"@type\":\"ImageObject\",\"inLanguage\":\"it-IT\",\"@id\":\"https:\\\/\\\/www.zerosalento.com\\\/arredocasa\\\/#\\\/schema\\\/logo\\\/image\\\/\",\"url\":\"http:\\\/\\\/www.zerosalento.com\\\/arredocasa\\\/wp-content\\\/uploads\\\/2024\\\/09\\\/cropped-Logo-ZS-sup.png\",\"contentUrl\":\"http:\\\/\\\/www.zerosalento.com\\\/arredocasa\\\/wp-content\\\/uploads\\\/2024\\\/09\\\/cropped-Logo-ZS-sup.png\",\"width\":4166,\"height\":1474,\"caption\":\"ZeroSalento Arredo Ceramiche e Bagno\"},\"image\":{\"@id\":\"https:\\\/\\\/www.zerosalento.com\\\/arredocasa\\\/#\\\/schema\\\/logo\\\/image\\\/\"}}]}<\/script>\n<!-- \/ Yoast SEO plugin. -->","yoast_head_json":{"title":"Pavimento SPC FLOW 40 - ZeroSalento Arredo Ceramiche e Bagno","description":"Pavimento SPC in composito di polvere di minerali e polimeri con aggancio a secco, materassino fonoassorbente preinstallato - SPC FLOW 40","robots":{"index":"index","follow":"follow","max-snippet":"max-snippet:-1","max-image-preview":"max-image-preview:large","max-video-preview":"max-video-preview:-1"},"canonical":"https:\/\/www.zerosalento.com\/arredocasa\/prodotto\/pavimento-spc-flow-spina-40\/","og_locale":"it_IT","og_type":"article","og_title":"Pavimento SPC FLOW 40 - ZeroSalento Arredo Ceramiche e Bagno","og_description":"Pavimento SPC in composito di polvere di minerali e polimeri con aggancio a secco, materassino fonoassorbente preinstallato - SPC FLOW 40","og_url":"https:\/\/www.zerosalento.com\/arredocasa\/prodotto\/pavimento-spc-flow-spina-40\/","og_site_name":"ZeroSalento Arredo Ceramiche e Bagno","article_modified_time":"2025-12-22T21:42:16+00:00","og_image":[{"width":642,"height":928,"url":"https:\/\/www.zerosalento.com\/arredocasa\/wp-content\/uploads\/2024\/09\/BROCHURE_FLOW_2023-82.jpg","type":"image\/jpeg"}],"twitter_card":"summary_large_image","twitter_misc":{"Tempo di lettura stimato":"3 minuti"},"schema":{"@context":"https:\/\/schema.org","@graph":[{"@type":"WebPage","@id":"https:\/\/www.zerosalento.com\/arredocasa\/prodotto\/pavimento-spc-flow-spina-40\/","url":"https:\/\/www.zerosalento.com\/arredocasa\/prodotto\/pavimento-spc-flow-spina-40\/","name":"Pavimento SPC FLOW 40 - ZeroSalento Arredo Ceramiche e Bagno","isPartOf":{"@id":"https:\/\/www.zerosalento.com\/arredocasa\/#website"},"primaryImageOfPage":{"@id":"https:\/\/www.zerosalento.com\/arredocasa\/prodotto\/pavimento-spc-flow-spina-40\/#primaryimage"},"image":{"@id":"https:\/\/www.zerosalento.com\/arredocasa\/prodotto\/pavimento-spc-flow-spina-40\/#primaryimage"},"thumbnailUrl":"https:\/\/www.zerosalento.com\/arredocasa\/wp-content\/uploads\/2024\/09\/BROCHURE_FLOW_2023-82.jpg","datePublished":"2024-11-03T10:19:21+00:00","dateModified":"2025-12-22T21:42:16+00:00","description":"Pavimento SPC in composito di polvere di minerali e polimeri con aggancio a secco, materassino fonoassorbente preinstallato - SPC FLOW 40","breadcrumb":{"@id":"https:\/\/www.zerosalento.com\/arredocasa\/prodotto\/pavimento-spc-flow-spina-40\/#breadcrumb"},"inLanguage":"it-IT","potentialAction":[{"@type":"ReadAction","target":["https:\/\/www.zerosalento.com\/arredocasa\/prodotto\/pavimento-spc-flow-spina-40\/"]}]},{"@type":"ImageObject","inLanguage":"it-IT","@id":"https:\/\/www.zerosalento.com\/arredocasa\/prodotto\/pavimento-spc-flow-spina-40\/#primaryimage","url":"https:\/\/www.zerosalento.com\/arredocasa\/wp-content\/uploads\/2024\/09\/BROCHURE_FLOW_2023-82.jpg","contentUrl":"https:\/\/www.zerosalento.com\/arredocasa\/wp-content\/uploads\/2024\/09\/BROCHURE_FLOW_2023-82.jpg","width":642,"height":928},{"@type":"BreadcrumbList","@id":"https:\/\/www.zerosalento.com\/arredocasa\/prodotto\/pavimento-spc-flow-spina-40\/#breadcrumb","itemListElement":[{"@type":"ListItem","position":1,"name":"Home","item":"https:\/\/www.zerosalento.com\/arredocasa\/"},{"@type":"ListItem","position":2,"name":"Shop","item":"https:\/\/www.zerosalento.com\/arredocasa\/negozio\/"},{"@type":"ListItem","position":3,"name":"Pavimento SPC FLOW 40"}]},{"@type":"WebSite","@id":"https:\/\/www.zerosalento.com\/arredocasa\/#website","url":"https:\/\/www.zerosalento.com\/arredocasa\/","name":"ZeroSalento Arredo Ceramiche e Bagno","description":"Arreda la tua casa","publisher":{"@id":"https:\/\/www.zerosalento.com\/arredocasa\/#organization"},"potentialAction":[{"@type":"SearchAction","target":{"@type":"EntryPoint","urlTemplate":"https:\/\/www.zerosalento.com\/arredocasa\/?s={search_term_string}"},"query-input":{"@type":"PropertyValueSpecification","valueRequired":true,"valueName":"search_term_string"}}],"inLanguage":"it-IT"},{"@type":"Organization","@id":"https:\/\/www.zerosalento.com\/arredocasa\/#organization","name":"ZeroSalento Arredo Ceramiche e Bagno","url":"https:\/\/www.zerosalento.com\/arredocasa\/","logo":{"@type":"ImageObject","inLanguage":"it-IT","@id":"https:\/\/www.zerosalento.com\/arredocasa\/#\/schema\/logo\/image\/","url":"http:\/\/www.zerosalento.com\/arredocasa\/wp-content\/uploads\/2024\/09\/cropped-Logo-ZS-sup.png","contentUrl":"http:\/\/www.zerosalento.com\/arredocasa\/wp-content\/uploads\/2024\/09\/cropped-Logo-ZS-sup.png","width":4166,"height":1474,"caption":"ZeroSalento Arredo Ceramiche e Bagno"},"image":{"@id":"https:\/\/www.zerosalento.com\/arredocasa\/#\/schema\/logo\/image\/"}}]}},"jetpack_sharing_enabled":true,"_links":{"self":[{"href":"https:\/\/www.zerosalento.com\/arredocasa\/wp-json\/wp\/v2\/product\/2731","targetHints":{"allow":["GET"]}}],"collection":[{"href":"https:\/\/www.zerosalento.com\/arredocasa\/wp-json\/wp\/v2\/product"}],"about":[{"href":"https:\/\/www.zerosalento.com\/arredocasa\/wp-json\/wp\/v2\/types\/product"}],"replies":[{"embeddable":true,"href":"https:\/\/www.zerosalento.com\/arredocasa\/wp-json\/wp\/v2\/comments?post=2731"}],"version-history":[{"count":14,"href":"https:\/\/www.zerosalento.com\/arredocasa\/wp-json\/wp\/v2\/product\/2731\/revisions"}],"predecessor-version":[{"id":3447,"href":"https:\/\/www.zerosalento.com\/arredocasa\/wp-json\/wp\/v2\/product\/2731\/revisions\/3447"}],"wp:featuredmedia":[{"embeddable":true,"href":"https:\/\/www.zerosalento.com\/arredocasa\/wp-json\/wp\/v2\/media\/1080"}],"wp:attachment":[{"href":"https:\/\/www.zerosalento.com\/arredocasa\/wp-json\/wp\/v2\/media?parent=2731"}],"wp:term":[{"taxonomy":"product_brand","embeddable":true,"href":"https:\/\/www.zerosalento.com\/arredocasa\/wp-json\/wp\/v2\/product_brand?post=2731"},{"taxonomy":"product_cat","embeddable":true,"href":"https:\/\/www.zerosalento.com\/arredocasa\/wp-json\/wp\/v2\/product_cat?post=2731"},{"taxonomy":"product_tag","embeddable":true,"href":"https:\/\/www.zerosalento.com\/arredocasa\/wp-json\/wp\/v2\/product_tag?post=2731"}],"curies":[{"name":"wp","href":"https:\/\/api.w.org\/{rel}","templated":true}]}}